

{"id":11,"date":"2012-12-20T10:30:29","date_gmt":"2012-12-20T09:30:29","guid":{"rendered":"http:\/\/localhost\/sites\/PPF-new\/genomique\/?page_id=11"},"modified":"2012-12-20T11:17:07","modified_gmt":"2012-12-20T10:17:07","slug":"localisation","status":"publish","type":"page","link":"https:\/\/genomique.med.univ-tours.fr\/?page_id=11","title":{"rendered":"Localisation"},"content":{"rendered":"<p>Le d\u00e9partement de G\u00e9nomique est localis\u00e9 sur <strong>deux sites<\/strong>, le site <strong>Grandmont<\/strong> et le site <strong>Tonnell\u00e9<\/strong>, avec une compl\u00e9mentarit\u00e9 du mat\u00e9riel, proche des \u00e9quipes utilisatrices. L\u2019\u00e9quipement sur le site Grandmont r\u00e9pond principalement \u00e0 des besoins en biologie \u00e9volutive. L\u2019\u00e9quipement sur le site Tonnell\u00e9 a pour objectif principal d\u2019aider \u00e0 la recherche et au transfert d\u2019activit\u00e9 dans le domaine biom\u00e9dical.<\/p>\n<p>Ci-dessous la carte Google Map vous indiquant la localisation des deux sites.<\/p>\n<p><iframe loading=\"lazy\" width=\"640\" height=\"480\" frameborder=\"0\" scrolling=\"no\" marginheight=\"0\" marginwidth=\"0\" src=\"https:\/\/maps.google.com\/maps\/ms?msa=0&amp;msid=213705236412884458247.0004d145d20bfebc862e5&amp;hl=fr&amp;ie=UTF8&amp;t=m&amp;ll=47.374407,0.689049&amp;spn=0.0558,0.109863&amp;z=13&amp;output=embed\"><\/iframe><br \/>\n<small>Afficher <a href=\"https:\/\/maps.google.com\/maps\/ms?msa=0&amp;msid=213705236412884458247.0004d145d20bfebc862e5&amp;hl=fr&amp;ie=UTF8&amp;t=m&amp;ll=47.374407,0.689049&amp;spn=0.0558,0.109863&amp;z=13&amp;source=embed\" style=\"color:#0000FF;text-align:left\">D\u00e9partement G\u00e9nomique<\/a> sur une carte plus grande<\/small><\/p>\n","protected":false},"excerpt":{"rendered":"<p>Le d\u00e9partement de G\u00e9nomique est localis\u00e9 sur deux sites, le site Grandmont et le site Tonnell\u00e9, avec une compl\u00e9mentarit\u00e9 du mat\u00e9riel, proche des \u00e9quipes utilisatrices. L\u2019\u00e9quipement sur le site Grandmont r\u00e9pond principalement \u00e0 des besoins en biologie \u00e9volutive. L\u2019\u00e9quipement sur le site Tonnell\u00e9 a pour objectif principal d\u2019aider \u00e0 la recherche et au transfert d\u2019activit\u00e9 &hellip; <a href=\"https:\/\/genomique.med.univ-tours.fr\/?page_id=11\" class=\"more-link\">Continuer la lecture<span class=\"screen-reader-text\"> de &laquo;&nbsp;Localisation&nbsp;&raquo;<\/span><\/a><\/p>\n","protected":false},"author":3,"featured_media":0,"parent":0,"menu_order":0,"comment_status":"closed","ping_status":"closed","template":"","meta":{"footnotes":""},"class_list":["post-11","page","type-page","status-publish","hentry"],"_links":{"self":[{"href":"https:\/\/genomique.med.univ-tours.fr\/index.php?rest_route=\/wp\/v2\/pages\/11","targetHints":{"allow":["GET"]}}],"collection":[{"href":"https:\/\/genomique.med.univ-tours.fr\/index.php?rest_route=\/wp\/v2\/pages"}],"about":[{"href":"https:\/\/genomique.med.univ-tours.fr\/index.php?rest_route=\/wp\/v2\/types\/page"}],"author":[{"embeddable":true,"href":"https:\/\/genomique.med.univ-tours.fr\/index.php?rest_route=\/wp\/v2\/users\/3"}],"replies":[{"embeddable":true,"href":"https:\/\/genomique.med.univ-tours.fr\/index.php?rest_route=%2Fwp%2Fv2%2Fcomments&post=11"}],"version-history":[{"count":2,"href":"https:\/\/genomique.med.univ-tours.fr\/index.php?rest_route=\/wp\/v2\/pages\/11\/revisions"}],"predecessor-version":[{"id":27,"href":"https:\/\/genomique.med.univ-tours.fr\/index.php?rest_route=\/wp\/v2\/pages\/11\/revisions\/27"}],"wp:attachment":[{"href":"https:\/\/genomique.med.univ-tours.fr\/index.php?rest_route=%2Fwp%2Fv2%2Fmedia&parent=11"}],"curies":[{"name":"wp","href":"https:\/\/api.w.org\/{rel}","templated":true}]}}