

{"id":13,"date":"2012-12-20T10:30:55","date_gmt":"2012-12-20T09:30:55","guid":{"rendered":"http:\/\/localhost\/sites\/PPF-new\/genomique\/?page_id=13"},"modified":"2020-03-05T11:22:09","modified_gmt":"2020-03-05T10:22:09","slug":"informations-legales","status":"publish","type":"page","link":"https:\/\/genomique.med.univ-tours.fr\/?page_id=13","title":{"rendered":"Informations l\u00e9gales"},"content":{"rendered":"<h3>Informations relatives \u00e0 l&rsquo;\u00e9diteur<\/h3>\n<p><strong>D\u00e9partement de G\u00e9nomique<\/strong><br \/>\n10 bd Tonnell\u00e9<br \/>\nBP 3223<br \/>\n37032 TOURS Cedex<br \/>\nFrance<br \/>\nT\u00e9l\u00e9phone : 02 47 36 61 33\/60 62<br \/>\nCourriel secr\u00e9tariat: <a href=\"mailto:isabelle.saussereau@univ-tours.fr\">isabelle.saussereau@univ-tours.fr<\/a><br \/>\nCourriel \u00e9diteur : <a href=\"mailto:pierre-ivan.raynal@univ-tours.fr\">pierre-ivan.raynal@univ-tours.fr<\/a><\/p>\n<p><strong>Directeur de la publication<\/strong> : <a href=\"http:\/\/www.univ-tours.fr\/acces-rapide\/m-vourc-h-patrick-23814.kjsp\">Patrick VOURC&rsquo;H<\/a><\/p>\n<p><strong>Webmaster g\u00e9nomique<\/strong> : <a href=\"mailto:celine.brulard@univ-tours.fr\">C\u00e9line Brulard<\/a><\/p>\n<p><strong>Cr\u00e9dits photos<\/strong> : PST <em>Analyse des Syst\u00e8mes Biologiques ;<\/em>\u00a0<a href=\"http:\/\/oliviermarsault.free.fr\/\">Olivier Marsault<\/a><\/p>\n<h3>Donn\u00e9es personnelles et informations nominatives<\/h3>\n<p>Les donn\u00e9es personnelles recueillies sur le site r\u00e9sultent de la communication volontaire d&rsquo;une adresse de courrier \u00e9lectronique lors du d\u00e9p\u00f4t d&rsquo;un message \u00e9lectronique ou de l&rsquo;abonnement \u00e0 la lettre d&rsquo;information.<br \/>\nLes courriels ainsi recueillis ne servent qu&rsquo;\u00e0 transmettre les \u00e9l\u00e9ments d&rsquo;informations demand\u00e9s.<\/p>\n<p>Conform\u00e9ment \u00e0 l&rsquo;article 34 de la Loi \u00ab\u00a0Informatique et Libert\u00e9s\u00a0\u00bb n\u00b0 78-17 du 6 janvier 1978, modifi\u00e9e le 6 ao\u00fbt 2004, vous disposez d&rsquo;un droit d&rsquo;acc\u00e8s, de modification, de rectification et de suppression des donn\u00e9es qui vous concernent.<\/p>\n<p>Vous pouvez l&rsquo;exercer sur simple demande \u00e9crite \u00e0 l&rsquo;adresse suivante :<br \/>\n<em>D\u00e9partement de G\u00e9nomique<\/em><br \/>\n10 bd Tonnell\u00e9 &#8211;\u00a0BP 3223<br \/>\n37032 TOURS Cedex<\/p>\n<h3>Legislation<\/h3>\n<p>En application de la loi du 11 mars 1957 (art. 41) et du code de la propri\u00e9t\u00e9 intellectuelle du 1er juillet 1992, toute reproduction partielle ou totale \u00e0 usage collectif est strictement interdite sans autorisation du D\u00e9partement de G\u00e9nomique.<br \/>\nLes logos, visuels et marques pr\u00e9sents sur ce site sont la propri\u00e9t\u00e9 de leurs d\u00e9tenteurs respectifs.<br \/>\nCe site peut, \u00e0 son insu, avoir \u00e9t\u00e9 reli\u00e9 \u00e0 d&rsquo;autres sites par le biais de liens hyperm\u00e9dia. Le D\u00e9partement de G\u00e9nomique d\u00e9cline toute responsabilit\u00e9 pour les informations pr\u00e9sent\u00e9es sur ces autres sites.<br \/>\nL&rsquo;internaute reconna\u00eet que l&rsquo;utilisation du site du D\u00e9partement de G\u00e9nomique est r\u00e9gie par le droit fran\u00e7ais.<\/p>\n<h3>Mise \u00e0 jour<\/h3>\n<p>La mise \u00e0 jour du site est r\u00e9alis\u00e9e quotidiennement par l&rsquo;\u00e9quipe du D\u00e9partement de G\u00e9nomique.<\/p>\n<p><strong>Contacts webmestres \u00e9ditoriaux :<\/strong><br \/>\n&#8211; <a href=\"http:\/\/www.univ-tours.fr\/acces-rapide\/m-vourc-h-patrick-23814.kjsp\">Patrick Vourc&rsquo;h<\/a>, responsable communication &#8211; web-r\u00e9dacteur<br \/>\n&#8211; <a href=\"mailto:celine.brulard@univ-tours.fr\">C\u00e9line Brulard<\/a>, bio-informatique, webmaster quotidien<\/p>\n<p>Nous rappelons que le contenu du site Internet peut comporter des inexactitudes ou omissions, et que ce contenu est susceptible d&rsquo;\u00eatre modifi\u00e9 ou mis \u00e0 jour dans de brefs d\u00e9lais.<br \/>\nSi vous constatez un lien bris\u00e9, une omission ou une erreur, vous pouvez le faire savoir aupr\u00e8s de l&rsquo;administrateur du site par courriel, t\u00e9l\u00e9phone, fax, ou par voie postale aux coordonn\u00e9es qui figurent en haut de cette page.<\/p>\n<h3>H\u00e9bergement<\/h3>\n<p>Universit\u00e9 de Tours, Facult\u00e9 de M\u00e9decine de Tours<\/p>\n<h3>Prestataire et outil de gestion et d&rsquo;administration du site<\/h3>\n<p>Conseil, \u00e9laboration et design initiaux: <a href=\"http:\/\/oliviermarsault.free.fr\/\">Olivier Marsault<\/a><\/p>\n<p>Ce site fonctionne avec <a href=\"http:\/\/www.wordpress-fr.net\/\"><strong>WordPress<\/strong><\/a>, syst\u00e8me de gestion de contenu (CMS).<br \/>\nEditeur: <a href=\"http:\/\/wordpress.org\/\">WordPress<\/a><\/p>\n","protected":false},"excerpt":{"rendered":"<p>Informations relatives \u00e0 l&rsquo;\u00e9diteur D\u00e9partement de G\u00e9nomique 10 bd Tonnell\u00e9 BP 3223 37032 TOURS Cedex France T\u00e9l\u00e9phone : 02 47 36 61 33\/60 62 Courriel secr\u00e9tariat: isabelle.saussereau@univ-tours.fr Courriel \u00e9diteur : pierre-ivan.raynal@univ-tours.fr Directeur de la publication : Patrick VOURC&rsquo;H Webmaster g\u00e9nomique : C\u00e9line Brulard Cr\u00e9dits photos : PST Analyse des Syst\u00e8mes Biologiques ;\u00a0Olivier Marsault Donn\u00e9es personnelles &hellip; <a href=\"https:\/\/genomique.med.univ-tours.fr\/?page_id=13\" class=\"more-link\">Continuer la lecture<span class=\"screen-reader-text\"> de &laquo;&nbsp;Informations l\u00e9gales&nbsp;&raquo;<\/span><\/a><\/p>\n","protected":false},"author":3,"featured_media":0,"parent":0,"menu_order":0,"comment_status":"closed","ping_status":"closed","template":"","meta":{"footnotes":""},"class_list":["post-13","page","type-page","status-publish","hentry"],"_links":{"self":[{"href":"https:\/\/genomique.med.univ-tours.fr\/index.php?rest_route=\/wp\/v2\/pages\/13","targetHints":{"allow":["GET"]}}],"collection":[{"href":"https:\/\/genomique.med.univ-tours.fr\/index.php?rest_route=\/wp\/v2\/pages"}],"about":[{"href":"https:\/\/genomique.med.univ-tours.fr\/index.php?rest_route=\/wp\/v2\/types\/page"}],"author":[{"embeddable":true,"href":"https:\/\/genomique.med.univ-tours.fr\/index.php?rest_route=\/wp\/v2\/users\/3"}],"replies":[{"embeddable":true,"href":"https:\/\/genomique.med.univ-tours.fr\/index.php?rest_route=%2Fwp%2Fv2%2Fcomments&post=13"}],"version-history":[{"count":7,"href":"https:\/\/genomique.med.univ-tours.fr\/index.php?rest_route=\/wp\/v2\/pages\/13\/revisions"}],"predecessor-version":[{"id":244,"href":"https:\/\/genomique.med.univ-tours.fr\/index.php?rest_route=\/wp\/v2\/pages\/13\/revisions\/244"}],"wp:attachment":[{"href":"https:\/\/genomique.med.univ-tours.fr\/index.php?rest_route=%2Fwp%2Fv2%2Fmedia&parent=13"}],"curies":[{"name":"wp","href":"https:\/\/api.w.org\/{rel}","templated":true}]}}