

{"id":14,"date":"2012-12-20T10:31:06","date_gmt":"2012-12-20T09:31:06","guid":{"rendered":"http:\/\/localhost\/sites\/PPF-new\/genomique\/?page_id=14"},"modified":"2024-05-14T15:03:48","modified_gmt":"2024-05-14T14:03:48","slug":"contact","status":"publish","type":"page","link":"https:\/\/genomique.med.univ-tours.fr\/?page_id=14","title":{"rendered":"Contact"},"content":{"rendered":"\n<h3 class=\"wp-block-heading\">Site Tonnell\u00e9<\/h3>\n\n\n\n<p><a href=\"mailto:patrick.vourch@univ-tours.fr\"><strong>Patrick Vourc&rsquo;h<\/strong><\/a> (fonction : PU-PH, Biochimie et Biologie Mol\u00e9culaire)<br> <strong>UMR INSERM <a href=\"https:\/\/ibrain.univ-tours.fr\">U1253<\/a><\/strong><br> Facult\u00e9 de M\u00e9decine de Tours<br> <img decoding=\"async\" src=\".\/wp-content\/uploads\/icons\/building.png\" alt=\"\">\u2709\ufe0f 10, bd Tonnell\u00e9 &#8211; B.P. 3223 &#8211; 37032 TOURS Cedex &#8211; France<br> <img decoding=\"async\" src=\".\/wp-content\/uploads\/icons\/telephone.png\" alt=\"\">\ud83d\udcde <em>T\u00e9l. :<\/em> 02.34.37.89.10 ou 02.47.36.61.33<br> <img decoding=\"async\" src=\".\/wp-content\/uploads\/icons\/fax.png\" alt=\"\"> \ud83d\udce0 <em>Fax :<\/em> 02.47.47.86.13<\/p>\n\n\n\n<h3 class=\"wp-block-heading\">Site Grandmont<\/h3>\n\n\n\n<p><strong><a href=\"mailto:annie.bezier@univ-tours.fr\">Annie Bezier<\/a><\/strong> (fonction : Ing\u00e9nieur de Recherche, Universit\u00e9 de Tours)<br> <strong><a href=\"https:\/\/irbi.univ-tours.fr\" data-type=\"link\" data-id=\"https:\/\/irbi.univ-tours.fr\">IRBI<\/a> &#8211; UMR CNRS 6035<\/strong><br> <img decoding=\"async\" src=\".\/wp-content\/uploads\/icons\/building.png\" alt=\"\"> <img decoding=\"async\" src=\".\/wp-content\/uploads\/icons\/building.png\" alt=\"\">\u2709\ufe0f  Universit\u00e9 de Tours, Parc Grandmont &#8211; 37200 TOURS &#8211; France<br> <img decoding=\"async\" src=\".\/wp-content\/uploads\/icons\/telephone.png\" alt=\"\">\ud83d\udcde <em>T\u00e9l. :<\/em> 02.47.36.73.83<br> <img decoding=\"async\" src=\".\/wp-content\/uploads\/icons\/fax.png\" alt=\"\"> \ud83d\udce0 <em>Fax :<\/em> 02.47.36.69.66<\/p>\n\n\n\n<hr class=\"wp-block-separator has-alpha-channel-opacity\"\/>\n\n\n\n<p><strong>Envoyez un e-mail:<\/strong><\/p>\n\n\n\n<div class=\"wpcf7 no-js\" id=\"wpcf7-f6-o1\" lang=\"en-US\" dir=\"ltr\" data-wpcf7-id=\"6\">\n<div class=\"screen-reader-response\"><p role=\"status\" aria-live=\"polite\" aria-atomic=\"true\"><\/p> <ul><\/ul><\/div>\n<form action=\"\/index.php?rest_route=%2Fwp%2Fv2%2Fpages%2F14#wpcf7-f6-o1\" method=\"post\" class=\"wpcf7-form init\" aria-label=\"Contact form\" novalidate=\"novalidate\" data-status=\"init\">\n<fieldset class=\"hidden-fields-container\"><input type=\"hidden\" name=\"_wpcf7\" value=\"6\" \/><input type=\"hidden\" name=\"_wpcf7_version\" value=\"6.1.3\" \/><input type=\"hidden\" name=\"_wpcf7_locale\" value=\"en_US\" \/><input type=\"hidden\" name=\"_wpcf7_unit_tag\" value=\"wpcf7-f6-o1\" \/><input type=\"hidden\" name=\"_wpcf7_container_post\" value=\"0\" \/><input type=\"hidden\" name=\"_wpcf7_posted_data_hash\" value=\"\" \/>\n<\/fieldset>\n<p>Votre nom (obligatoire)\n<\/p>\n<p><span class=\"wpcf7-form-control-wrap\" data-name=\"your-name\"><input size=\"40\" maxlength=\"400\" class=\"wpcf7-form-control wpcf7-text wpcf7-validates-as-required\" aria-required=\"true\" aria-invalid=\"false\" value=\"\" type=\"text\" name=\"your-name\" \/><\/span>\n<\/p>\n<p>Votre email (obligatoire)\n<\/p>\n<p><span class=\"wpcf7-form-control-wrap\" data-name=\"your-email\"><input size=\"40\" maxlength=\"400\" class=\"wpcf7-form-control wpcf7-email wpcf7-validates-as-required wpcf7-text wpcf7-validates-as-email\" aria-required=\"true\" aria-invalid=\"false\" value=\"\" type=\"email\" name=\"your-email\" \/><\/span>\n<\/p>\n<p>Sujet\n<\/p>\n<p><span class=\"wpcf7-form-control-wrap\" data-name=\"your-subject\"><input size=\"40\" maxlength=\"400\" class=\"wpcf7-form-control wpcf7-text\" aria-invalid=\"false\" value=\"\" type=\"text\" name=\"your-subject\" \/><\/span>\n<\/p>\n<p>Votre message\n<\/p>\n<p><span class=\"wpcf7-form-control-wrap\" data-name=\"your-message\"><textarea cols=\"40\" rows=\"10\" maxlength=\"2000\" class=\"wpcf7-form-control wpcf7-textarea\" aria-invalid=\"false\" name=\"your-message\"><\/textarea><\/span>\n<\/p>\n<p>Code de v\u00e9rification: <input type=\"hidden\" name=\"_wpcf7_captcha_challenge_captcha-127\" value=\"1669736808\" \/><img loading=\"lazy\" decoding=\"async\" class=\"wpcf7-form-control wpcf7-captchac wpcf7-captcha-captcha-127\" width=\"72\" height=\"24\" alt=\"captcha\" src=\"https:\/\/genomique.med.univ-tours.fr\/wp-content\/uploads\/wpcf7_captcha\/1669736808.png\" \/>\n<\/p>\n<p><span class=\"wpcf7-form-control-wrap\" data-name=\"captcha-127\"><input size=\"40\" class=\"wpcf7-form-control wpcf7-captchar\" autocomplete=\"off\" aria-invalid=\"false\" value=\"\" type=\"text\" name=\"captcha-127\" \/><\/span>\n<\/p>\n<p><input class=\"wpcf7-form-control wpcf7-submit has-spinner\" type=\"submit\" value=\"Envoyer\" \/>\n<\/p><div class=\"wpcf7-response-output\" aria-hidden=\"true\"><\/div>\n<\/form>\n<\/div>\n\n","protected":false},"excerpt":{"rendered":"<p>Site Tonnell\u00e9 Patrick Vourc&rsquo;h (fonction : PU-PH, Biochimie et Biologie Mol\u00e9culaire) UMR INSERM U1253 Facult\u00e9 de M\u00e9decine de Tours \u2709\ufe0f 10, bd Tonnell\u00e9 &#8211; B.P. 3223 &#8211; 37032 TOURS Cedex &#8211; France \ud83d\udcde T\u00e9l. : 02.34.37.89.10 ou 02.47.36.61.33 \ud83d\udce0 Fax : 02.47.47.86.13 Site Grandmont Annie Bezier (fonction : Ing\u00e9nieur de Recherche, Universit\u00e9 de Tours) IRBI &hellip; <a href=\"https:\/\/genomique.med.univ-tours.fr\/?page_id=14\" class=\"more-link\">Continuer la lecture<span class=\"screen-reader-text\"> de &laquo;&nbsp;Contact&nbsp;&raquo;<\/span><\/a><\/p>\n","protected":false},"author":3,"featured_media":0,"parent":0,"menu_order":0,"comment_status":"closed","ping_status":"closed","template":"","meta":{"footnotes":""},"class_list":["post-14","page","type-page","status-publish","hentry"],"_links":{"self":[{"href":"https:\/\/genomique.med.univ-tours.fr\/index.php?rest_route=\/wp\/v2\/pages\/14","targetHints":{"allow":["GET"]}}],"collection":[{"href":"https:\/\/genomique.med.univ-tours.fr\/index.php?rest_route=\/wp\/v2\/pages"}],"about":[{"href":"https:\/\/genomique.med.univ-tours.fr\/index.php?rest_route=\/wp\/v2\/types\/page"}],"author":[{"embeddable":true,"href":"https:\/\/genomique.med.univ-tours.fr\/index.php?rest_route=\/wp\/v2\/users\/3"}],"replies":[{"embeddable":true,"href":"https:\/\/genomique.med.univ-tours.fr\/index.php?rest_route=%2Fwp%2Fv2%2Fcomments&post=14"}],"version-history":[{"count":8,"href":"https:\/\/genomique.med.univ-tours.fr\/index.php?rest_route=\/wp\/v2\/pages\/14\/revisions"}],"predecessor-version":[{"id":279,"href":"https:\/\/genomique.med.univ-tours.fr\/index.php?rest_route=\/wp\/v2\/pages\/14\/revisions\/279"}],"wp:attachment":[{"href":"https:\/\/genomique.med.univ-tours.fr\/index.php?rest_route=%2Fwp%2Fv2%2Fmedia&parent=14"}],"curies":[{"name":"wp","href":"https:\/\/api.w.org\/{rel}","templated":true}]}}