

{"id":31,"date":"2012-12-20T11:24:59","date_gmt":"2012-12-20T10:24:59","guid":{"rendered":"http:\/\/localhost\/sites\/PPF-new\/genomique\/?page_id=31"},"modified":"2024-05-14T15:17:56","modified_gmt":"2024-05-14T14:17:56","slug":"prestations","status":"publish","type":"page","link":"https:\/\/genomique.med.univ-tours.fr\/?page_id=31","title":{"rendered":"Prestations"},"content":{"rendered":"\n<h2 class=\"wp-block-heading\">Prestations internes<\/h2>\n\n\n\n<p>Elles permettent aux diff\u00e9rentes \u00e9quipes de recherche locales (Universit\u00e9 de Tours, INSERM, CNRS, INRAe, CEA) et r\u00e9gionales (Universit\u00e9 d\u2019Orl\u00e9ans, CNRS) de b\u00e9n\u00e9ficier de technologies et d\u2019une expertise en g\u00e9n\u00e9tique, g\u00e9nomique et transcriptomique.<\/p>\n\n\n\n<p>Le d\u00e9veloppement du d\u00e9partement de G\u00e9nomique s\u2019est justifi\u00e9 par la pr\u00e9sence de plusieurs \u00e9quipes de recherche comp\u00e9titives en biologie \u00e9volutive et dans le domaine biom\u00e9dical, et par l\u2019importance des activit\u00e9s de transfert \u00e0 la fois dans le domaine m\u00e9dical (CHRU de Tours) et vers l\u2019industrie (possibilit\u00e9s de d\u00e9veloppement ou de collaboration avec les entreprises de biotechnologies). La mont\u00e9e en puissance de ce plateau technique ces ann\u00e9es pass\u00e9e a contribu\u00e9 \u00e0 l\u2019obtention de plusieurs contrats de recherche r\u00e9gionaux, nationaux et europ\u00e9ens, et \u00e0 la production de nombreuses publications scientifiques dans des journaux internationaux.<\/p>\n\n\n\n<p>Les prestations concernent la mise \u00e0 disposition de technologies en g\u00e9nomique et transcriptomique (avec formation pr\u00e9alable), ou la prise en charge d\u2019exp\u00e9riences.<\/p>\n\n\n\n<h2 class=\"wp-block-heading\">Prestations externes<\/h2>\n\n\n\n<p>Le d\u00e9partement g\u00e9nomique participe \u00e0 des projets d\u2019envergure r\u00e9gionale (APR), inter-r\u00e9gionale (FHU, Labex MabIprove par exemple), des projets nationaux (projets ANR par exemple) et internationaux (ANR, Mine par exemple). Il participe aussi \u00e0 des projets entre \u00e9quipes acad\u00e9miques et priv\u00e9es.<\/p>\n","protected":false},"excerpt":{"rendered":"<p>Prestations internes Elles permettent aux diff\u00e9rentes \u00e9quipes de recherche locales (Universit\u00e9 de Tours, INSERM, CNRS, INRAe, CEA) et r\u00e9gionales (Universit\u00e9 d\u2019Orl\u00e9ans, CNRS) de b\u00e9n\u00e9ficier de technologies et d\u2019une expertise en g\u00e9n\u00e9tique, g\u00e9nomique et transcriptomique. Le d\u00e9veloppement du d\u00e9partement de G\u00e9nomique s\u2019est justifi\u00e9 par la pr\u00e9sence de plusieurs \u00e9quipes de recherche comp\u00e9titives en biologie \u00e9volutive et &hellip; <a href=\"https:\/\/genomique.med.univ-tours.fr\/?page_id=31\" class=\"more-link\">Continuer la lecture<span class=\"screen-reader-text\"> de &laquo;&nbsp;Prestations&nbsp;&raquo;<\/span><\/a><\/p>\n","protected":false},"author":3,"featured_media":0,"parent":0,"menu_order":0,"comment_status":"closed","ping_status":"closed","template":"","meta":{"footnotes":""},"class_list":["post-31","page","type-page","status-publish","hentry"],"_links":{"self":[{"href":"https:\/\/genomique.med.univ-tours.fr\/index.php?rest_route=\/wp\/v2\/pages\/31","targetHints":{"allow":["GET"]}}],"collection":[{"href":"https:\/\/genomique.med.univ-tours.fr\/index.php?rest_route=\/wp\/v2\/pages"}],"about":[{"href":"https:\/\/genomique.med.univ-tours.fr\/index.php?rest_route=\/wp\/v2\/types\/page"}],"author":[{"embeddable":true,"href":"https:\/\/genomique.med.univ-tours.fr\/index.php?rest_route=\/wp\/v2\/users\/3"}],"replies":[{"embeddable":true,"href":"https:\/\/genomique.med.univ-tours.fr\/index.php?rest_route=%2Fwp%2Fv2%2Fcomments&post=31"}],"version-history":[{"count":3,"href":"https:\/\/genomique.med.univ-tours.fr\/index.php?rest_route=\/wp\/v2\/pages\/31\/revisions"}],"predecessor-version":[{"id":283,"href":"https:\/\/genomique.med.univ-tours.fr\/index.php?rest_route=\/wp\/v2\/pages\/31\/revisions\/283"}],"wp:attachment":[{"href":"https:\/\/genomique.med.univ-tours.fr\/index.php?rest_route=%2Fwp%2Fv2%2Fmedia&parent=31"}],"curies":[{"name":"wp","href":"https:\/\/api.w.org\/{rel}","templated":true}]}}