

{"id":32,"date":"2012-12-20T11:25:09","date_gmt":"2012-12-20T10:25:09","guid":{"rendered":"http:\/\/localhost\/sites\/PPF-new\/genomique\/?page_id=32"},"modified":"2024-05-14T14:55:37","modified_gmt":"2024-05-14T13:55:37","slug":"competences","status":"publish","type":"page","link":"https:\/\/genomique.med.univ-tours.fr\/?page_id=32","title":{"rendered":"Comp\u00e9tences"},"content":{"rendered":"\n<ul class=\"wp-block-list\">\n<li>Extraction ADN, ARN\u00a0\u00a0<\/li>\n\n\n\n<li>Qualification et quantification d\u2019acides nucl\u00e9iques<\/li>\n\n\n\n<li>Pr\u00e9paration de plaques, robot de pipetage<\/li>\n\n\n\n<li>Etudes de polymorphismes (SNP, microsatellites\u00a0; HRM)<\/li>\n\n\n\n<li>PCR et RT-PCR en temps r\u00e9el, 96 et 384 puits<\/li>\n\n\n\n<li>S\u00e9quen\u00e7age Sanger\u00a0<\/li>\n\n\n\n<li>Analyses de tailles de fragments (Genescan)<\/li>\n\n\n\n<li>CGH et microarrays<\/li>\n\n\n\n<li>S\u00e9quen\u00e7age de nouvelle g\u00e9n\u00e9ration (NGS) moyen et haut d\u00e9bit<\/li>\n<\/ul>\n\n\n\n<hr>\n\n\n\n<p>Le D\u00e9partement est en lien avec le site des <a href=\"https:\/\/pharma.univ-tours.fr\" data-type=\"link\" data-id=\"https:\/\/pharma.univ-tours.fr\">Facult\u00e9s des Sciences et de Pharmacie<\/a> (site Grandmont), et le site de la <a href=\"https:\/\/med.univ-tours.fr\">Facult\u00e9 de M\u00e9decine<\/a> (Site Tonnell\u00e9) o\u00f9 se trouvent les services de biologie m\u00e9dicale du <a href=\"http:\/\/www.chu-tours.fr\" data-type=\"link\" data-id=\"www.chu-tours.fr\">CHU de Tours<\/a> regroupant la plateforme <a href=\"https:\/\/www.chu-tours.fr\/etre-soigne-et-rendre-visite-a-un-patient\/joindre-le-chru\/liste-des-services\/uttil\/\">UTTIL<\/a> et plusieurs Laboratoires de Biologie m\u00e9dicale de r\u00e9f\u00e9rence (LBMR) traitants de questions de g\u00e9n\u00e9tique\/g\u00e9nomique.<\/p>\n","protected":false},"excerpt":{"rendered":"<p>Le D\u00e9partement est en lien avec le site des Facult\u00e9s des Sciences et de Pharmacie (site Grandmont), et le site de la Facult\u00e9 de M\u00e9decine (Site Tonnell\u00e9) o\u00f9 se trouvent les services de biologie m\u00e9dicale du CHU de Tours regroupant la plateforme UTTIL et plusieurs Laboratoires de Biologie m\u00e9dicale de r\u00e9f\u00e9rence (LBMR) traitants de questions &hellip; <a href=\"https:\/\/genomique.med.univ-tours.fr\/?page_id=32\" class=\"more-link\">Continuer la lecture<span class=\"screen-reader-text\"> de &laquo;&nbsp;Comp\u00e9tences&nbsp;&raquo;<\/span><\/a><\/p>\n","protected":false},"author":3,"featured_media":0,"parent":0,"menu_order":0,"comment_status":"closed","ping_status":"closed","template":"","meta":{"footnotes":""},"class_list":["post-32","page","type-page","status-publish","hentry"],"_links":{"self":[{"href":"https:\/\/genomique.med.univ-tours.fr\/index.php?rest_route=\/wp\/v2\/pages\/32","targetHints":{"allow":["GET"]}}],"collection":[{"href":"https:\/\/genomique.med.univ-tours.fr\/index.php?rest_route=\/wp\/v2\/pages"}],"about":[{"href":"https:\/\/genomique.med.univ-tours.fr\/index.php?rest_route=\/wp\/v2\/types\/page"}],"author":[{"embeddable":true,"href":"https:\/\/genomique.med.univ-tours.fr\/index.php?rest_route=\/wp\/v2\/users\/3"}],"replies":[{"embeddable":true,"href":"https:\/\/genomique.med.univ-tours.fr\/index.php?rest_route=%2Fwp%2Fv2%2Fcomments&post=32"}],"version-history":[{"count":24,"href":"https:\/\/genomique.med.univ-tours.fr\/index.php?rest_route=\/wp\/v2\/pages\/32\/revisions"}],"predecessor-version":[{"id":277,"href":"https:\/\/genomique.med.univ-tours.fr\/index.php?rest_route=\/wp\/v2\/pages\/32\/revisions\/277"}],"wp:attachment":[{"href":"https:\/\/genomique.med.univ-tours.fr\/index.php?rest_route=%2Fwp%2Fv2%2Fmedia&parent=32"}],"curies":[{"name":"wp","href":"https:\/\/api.w.org\/{rel}","templated":true}]}}