

{"id":35,"date":"2012-12-20T11:25:49","date_gmt":"2012-12-20T10:25:49","guid":{"rendered":"http:\/\/localhost\/sites\/PPF-new\/genomique\/?page_id=35"},"modified":"2024-05-21T14:30:06","modified_gmt":"2024-05-21T13:30:06","slug":"equipes-utilisatrices","status":"publish","type":"page","link":"https:\/\/genomique.med.univ-tours.fr\/?page_id=35","title":{"rendered":"Equipes Utilisatrices"},"content":{"rendered":"\n<h3 class=\"wp-block-heading\">Equipes de l\u2019Universit\u00e9 de Tours et des grands organismes de recherche<\/h3>\n\n\n\n<h4 class=\"wp-block-heading\">Equipes de l\u2019Axe <em>Sciences de la Vie et de la Sant\u00e9<\/em><\/h4>\n\n\n\n<ul class=\"wp-block-list\">\n<li>INSERM <a href=\"https:\/\/nmns.univ-tours.fr\" data-type=\"link\" data-id=\"https:\/\/nmns.univ-tours.fr\">EA 6295 &#8211;  Nanom\u00e9dicaments et nanosondes<\/a> (<strong>NMNS<\/strong>)<\/li>\n\n\n\n<li>INSERM <a href=\"https:\/\/n2c.univ-tours.fr\/\" data-type=\"link\" data-id=\"https:\/\/n2c.univ-tours.fr\/\">U1069 &#8211; Niche, Nutrition, Cancer &amp; m\u00e9tabolisme Oxydatif<\/a> (<strong>N2Cox<\/strong>)<\/li>\n\n\n\n<li>INSERM <a href=\"https:\/\/cepr.inserm.univ-tours.fr\/\">U1100 &#8211; Centre d\u2019Etudes des Pathologies Respiratoires<\/a> (<strong>CEPR<\/strong>)<\/li>\n\n\n\n<li>INSERM <a href=\"https:\/\/ibrain.univ-tours.fr\">U 1253 &#8211; Imagerie et Cerveau<\/a> (<strong>iBrain<\/strong>)<\/li>\n\n\n\n<li>INSERM <a href=\"https:\/\/mavivh.univ-tours.fr\/\" data-type=\"link\" data-id=\"https:\/\/mavivh.univ-tours.fr\/\">U 1259 &#8211; Morphogen\u00e8se et Antig\u00e9nicit\u00e9 du VIH et des Virus des H\u00e9patites<\/a> (<strong>MAVIVH<\/strong>)<\/li>\n\n\n\n<li>INSERM <a href=\"https:\/\/umr1327.univ-tours.fr\" data-type=\"link\" data-id=\"https:\/\/umr1327.univ-tours.fr\">UMR 1327 &#8211; <em><strong>ISCHEMIA<\/strong><\/em> <em>Membrane Signalling and Inflammation in reperfusion injuries<\/em><\/a><\/li>\n<\/ul>\n\n\n\n<ul class=\"wp-block-list\">\n<li><a href=\"https:\/\/gicc.cnrs.univ-tours.fr\" data-type=\"link\" data-id=\"https:\/\/gicc.cnrs.univ-tours.fr\">Groupe Innovation et Ciblage Cellulaire<\/a> (<strong>GICC<\/strong>)<\/li>\n\n\n\n<li>UMR CNRS 7261 &#8211; <a href=\"https:\/\/irbi.univ-tours.fr\/\" data-type=\"link\" data-id=\"https:\/\/irbi.univ-tours.fr\/\">Institut de Recherche sur la Biologie de l\u2019Insecte<\/a> (<strong>IRBI<\/strong>)<\/li>\n\n\n\n<li>UMR CNRS 7247\/INRAe 0085 &#8211; <a href=\"https:\/\/physiologie-reproduction-comportements.val-de-loire.hub.inrae.fr\" data-type=\"link\" data-id=\"https:\/\/physiologie-reproduction-comportements.val-de-loire.hub.inrae.fr\">Physiologie de la Reproduction et des Comportements<\/a> (<strong>PRC<\/strong>)<\/li>\n\n\n\n<li>UMR INRAe 1282 &#8211; <a href=\"https:\/\/infectiologie-santepublique.val-de-loire.hub.inrae.fr\">Infectiologie et Sant\u00e9 Publique<\/a> (<strong>ISP<\/strong>)<\/li>\n\n\n\n<li>UMR CNRS 7295 &#8211; <a href=\"https:\/\/cerca.labo.univ-poitiers.fr\/\">Centre de Recherches sur la Cognition et l\u2019Apprentissage<\/a> (<strong>CeRCA<\/strong>)<\/li>\n\n\n\n<li>EA2106 &#8211; <a href=\"https:\/\/bbv.univ-tours.fr\" data-type=\"link\" data-id=\"https:\/\/bbv.univ-tours.fr\">Biomol\u00e9cules et Biotechnologies V\u00e9g\u00e9tales<\/a> (<strong>BBV<\/strong>)<\/li>\n<\/ul>\n","protected":false},"excerpt":{"rendered":"<p>Equipes de l\u2019Universit\u00e9 de Tours et des grands organismes de recherche Equipes de l\u2019Axe Sciences de la Vie et de la Sant\u00e9<\/p>\n","protected":false},"author":3,"featured_media":0,"parent":0,"menu_order":0,"comment_status":"closed","ping_status":"closed","template":"","meta":{"footnotes":""},"class_list":["post-35","page","type-page","status-publish","hentry"],"_links":{"self":[{"href":"https:\/\/genomique.med.univ-tours.fr\/index.php?rest_route=\/wp\/v2\/pages\/35","targetHints":{"allow":["GET"]}}],"collection":[{"href":"https:\/\/genomique.med.univ-tours.fr\/index.php?rest_route=\/wp\/v2\/pages"}],"about":[{"href":"https:\/\/genomique.med.univ-tours.fr\/index.php?rest_route=\/wp\/v2\/types\/page"}],"author":[{"embeddable":true,"href":"https:\/\/genomique.med.univ-tours.fr\/index.php?rest_route=\/wp\/v2\/users\/3"}],"replies":[{"embeddable":true,"href":"https:\/\/genomique.med.univ-tours.fr\/index.php?rest_route=%2Fwp%2Fv2%2Fcomments&post=35"}],"version-history":[{"count":17,"href":"https:\/\/genomique.med.univ-tours.fr\/index.php?rest_route=\/wp\/v2\/pages\/35\/revisions"}],"predecessor-version":[{"id":306,"href":"https:\/\/genomique.med.univ-tours.fr\/index.php?rest_route=\/wp\/v2\/pages\/35\/revisions\/306"}],"wp:attachment":[{"href":"https:\/\/genomique.med.univ-tours.fr\/index.php?rest_route=%2Fwp%2Fv2%2Fmedia&parent=35"}],"curies":[{"name":"wp","href":"https:\/\/api.w.org\/{rel}","templated":true}]}}